{"id":5477,"date":"2018-03-03T16:13:29","date_gmt":"2018-03-03T16:13:29","guid":{"rendered":"https:\/\/naturalife.rtthemes.com\/demo\/?page_id=5477"},"modified":"2023-06-24T01:52:12","modified_gmt":"2023-06-24T01:52:12","slug":"portfolio-metro-ii","status":"publish","type":"page","link":"https:\/\/nasmar.org\/index.php\/portfolio-metro-ii\/","title":{"rendered":"Portfolio \u2013 Metro II"},"content":{"rendered":"\t\t<div data-elementor-type=\"wp-page\" data-elementor-id=\"5477\" class=\"elementor elementor-5477\" data-elementor-settings=\"[]\">\n\t\t\t\t\t\t<div class=\"elementor-inner\">\n\t\t\t\t\t\t\t<div class=\"elementor-section-wrap\">\n\t\t\t\t\t\t\t<section class=\"elementor-section elementor-top-section elementor-element elementor-element-1bfeb9cd elementor-section-content-middle rt-background-text elementor-section-boxed elementor-section-height-default elementor-section-height-default default-style\" data-id=\"1bfeb9cd\" data-element_type=\"section\" data-settings=\"{&quot;background_background&quot;:&quot;classic&quot;,&quot;rt_color_sets&quot;:&quot;default-style&quot;}\">\n\t\t\t\t\t\t<div class=\"elementor-container elementor-column-gap-default\">\n\t\t\t\t\t\t\t<div class=\"elementor-row\">\n\t\t\t\t\t<div class=\"elementor-column elementor-col-100 elementor-top-column elementor-element elementor-element-41776bbd\" data-id=\"41776bbd\" data-element_type=\"column\">\n\t\t\t<div class=\"elementor-column-wrap elementor-element-populated\">\n\t\t\t\t\t\t\t<div class=\"elementor-widget-wrap\">\n\t\t\t\t\t\t<div class=\"elementor-element elementor-element-5facd652 elementor-widget elementor-widget-rt-heading\" data-id=\"5facd652\" data-element_type=\"widget\" data-widget_type=\"rt-heading.default\">\n\t\t\t\t<div class=\"elementor-widget-container\">\n\t\t\t<div class=\"rt-heading-wrapper text-center\">\n\t\t\t\t\t\t<span class=\"   rt-heading secondary-color secondary-font\" >Generando oportunidades de inversi\u00f3n e inclusi\u00f3n social<\/span>\n\t\t\t\t\t<\/div>\t\t<\/div>\n\t\t\t\t<\/div>\n\t\t\t\t<div class=\"elementor-element elementor-element-2f788bbd elementor-widget elementor-widget-rt-heading\" data-id=\"2f788bbd\" data-element_type=\"widget\" data-widget_type=\"rt-heading.default\">\n\t\t\t\t<div class=\"elementor-widget-container\">\n\t\t\t<div class=\"rt-heading-wrapper style-4\">\n\t\t\t\t\t\t<H2 class=\"   rt-heading style-4\" >Programas y Proyectos NASMAR<svg width=\"95\" height=\"10\" viewBox=\"0 0 95 10\" xmlns=\"http:\/\/www.w3.org\/2000\/svg\"><path d=\"M1 8l11.54-6 11.538 6 11.54-6 11.538 6 11.538-6 11.54 6L81.77 2 94 8\" stroke-width=\"3\" stroke=\"#6CC139\" fill=\"none\" fill-rule=\"evenodd\"\/><\/svg><\/H2>\n\t\t\t\t\t<\/div>\t\t<\/div>\n\t\t\t\t<\/div>\n\t\t\t\t<div class=\"elementor-element elementor-element-73a5d1a1 elementor-widget elementor-widget-text-editor\" data-id=\"73a5d1a1\" data-element_type=\"widget\" data-widget_type=\"text-editor.default\">\n\t\t\t\t<div class=\"elementor-widget-container\">\n\t\t\t\t\t\t\t\t<div class=\"elementor-text-editor elementor-clearfix\">\n\t\t\t\t<p>La Mancomunidad NASMAR, desde su conformaci\u00f3n como entidad de asistencia t\u00e9cnica <br \/>a sus municipios socios, ha gestionado y ejecutado diferentes programas y proyectos <br \/>conjuntamente con organismos especializados, agencias de cooperaci\u00f3n internacional, <br \/>organizaciones no gubernamentales, gubernamentales, sociedad civil, organizaciones <br \/>comunitarias, empresa privada, entre otros.<\/p>\t\t\t\t\t<\/div>\n\t\t\t\t\t\t<\/div>\n\t\t\t\t<\/div>\n\t\t\t\t\t\t<\/div>\n\t\t\t\t\t<\/div>\n\t\t<\/div>\n\t\t\t\t\t\t\t\t<\/div>\n\t\t\t\t\t<\/div>\n\t\t<\/section>\n\t\t\t\t<section class=\"elementor-section elementor-top-section elementor-element elementor-element-97664e9 elementor-section-boxed elementor-section-height-default elementor-section-height-default default-style\" data-id=\"97664e9\" data-element_type=\"section\" data-settings=\"{&quot;rt_color_sets&quot;:&quot;default-style&quot;}\">\n\t\t\t\t\t\t<div class=\"elementor-container elementor-column-gap-default\">\n\t\t\t\t\t\t\t<div class=\"elementor-row\">\n\t\t\t\t\t<div class=\"elementor-column elementor-col-100 elementor-top-column elementor-element elementor-element-cb0bdb6\" data-id=\"cb0bdb6\" data-element_type=\"column\">\n\t\t\t<div class=\"elementor-column-wrap elementor-element-populated\">\n\t\t\t\t\t\t\t<div class=\"elementor-widget-wrap\">\n\t\t\t\t\t\t<div class=\"elementor-element elementor-element-15346d3 elementor-widget elementor-widget-image-carousel\" data-id=\"15346d3\" data-element_type=\"widget\" data-settings=\"{&quot;slides_to_show&quot;:&quot;5&quot;,&quot;navigation&quot;:&quot;none&quot;,&quot;autoplay&quot;:&quot;no&quot;,&quot;infinite&quot;:&quot;no&quot;,&quot;speed&quot;:500}\" data-widget_type=\"image-carousel.default\">\n\t\t\t\t<div class=\"elementor-widget-container\">\n\t\t\t\t\t<div class=\"elementor-image-carousel-wrapper swiper-container\" dir=\"ltr\">\n\t\t\t<div class=\"elementor-image-carousel swiper-wrapper\">\n\t\t\t\t\t\t\t\t<div class=\"swiper-slide\"><figure class=\"swiper-slide-inner\"><img decoding=\"async\" class=\"swiper-slide-image\" src=\"https:\/\/nasmar.org\/wp-content\/uploads\/2023\/06\/slidecoop2Artboard-1.png\" alt=\"slidecoop2Artboard-1\" \/><\/figure><\/div><div class=\"swiper-slide\"><figure class=\"swiper-slide-inner\"><img decoding=\"async\" class=\"swiper-slide-image\" src=\"https:\/\/nasmar.org\/wp-content\/uploads\/2023\/06\/slidecoop2Artboard-2.png\" alt=\"slidecoop2Artboard-2\" \/><\/figure><\/div><div class=\"swiper-slide\"><figure class=\"swiper-slide-inner\"><img decoding=\"async\" class=\"swiper-slide-image\" src=\"https:\/\/nasmar.org\/wp-content\/uploads\/2023\/06\/slidecoop2Artboard-3.png\" alt=\"slidecoop2Artboard-3\" \/><\/figure><\/div><div class=\"swiper-slide\"><figure class=\"swiper-slide-inner\"><img decoding=\"async\" class=\"swiper-slide-image\" src=\"https:\/\/nasmar.org\/wp-content\/uploads\/2023\/06\/slidecoop2Artboard-4.png\" alt=\"slidecoop2Artboard-4\" \/><\/figure><\/div><div class=\"swiper-slide\"><figure class=\"swiper-slide-inner\"><img decoding=\"async\" class=\"swiper-slide-image\" src=\"https:\/\/nasmar.org\/wp-content\/uploads\/2023\/06\/slidecoop2Artboard-5.png\" alt=\"slidecoop2Artboard-5\" \/><\/figure><\/div>\t\t\t<\/div>\n\t\t\t\t\t\t\t\t\t\t\t\t\t\t\t\t<\/div>\n\t\t\t\t<\/div>\n\t\t\t\t<\/div>\n\t\t\t\t<div class=\"elementor-element elementor-element-440662b elementor-widget elementor-widget-rt-portfolio\" data-id=\"440662b\" data-element_type=\"widget\" data-widget_type=\"rt-portfolio.default\">\n\t\t\t\t<div class=\"elementor-widget-container\">\n\t\t\t\n<div id=\"portfolio-dynamicID-276651\" class=\"row portfolio_list rt-gallery metro-gallery\" data-column-width=\"3\">\n<div class=\"col col-12 rt-dynamic  portfolio-50\">\n \n\n<!-- portfolio box-->\n<div class=\"loop style-2 hover-1  post-7988 portfolio type-portfolio status-publish has-post-thumbnail hentry portfolio_categories-seguridad-alimentaria\" id=\"portfolio-7988\">\n\n\t<div class=\"portfolio-loop-item-wrapper\">\n\t\t\n\n\t\t\t\t\t\t<figure class=\"image-thumbnail\">\n\t\t\t\t\t\t\t<a href=\"https:\/\/nasmar.org\/index.php\/portfolio\/proyecto-6\/\" target=\"_self\" title=\"Proyecto 6\"><img loading=\"lazy\" decoding=\"async\" src=\"https:\/\/nasmar.org\/wp-content\/uploads\/2023\/08\/Photo-from-E-900x900.jpg\" alt=\"\" class=\"\" width=\"900\" height=\"900\" \/><\/a>\n\t\t\t\t\t\t<\/figure>\n\n\t\t\t\t\t\t<div class=\"visible-title-wrapper\">\n\t\t\t\t\t\t\t<h5 class=\"title visible-title\">Proyecto 6<\/h5>\n\t\t\t\t\t\t<\/div>\n\n\t\t\t\t\t\t<div class=\"overlay\">\n\n\t\t\t\t\t\t\t<section class=\"text\">\n\t\t\t\t\t\t\t\t<h5 class=\"title\"><a href=\"https:\/\/nasmar.org\/index.php\/portfolio\/proyecto-6\/\" target=\"_self\" rel=\"bookmark\">Proyecto 6<\/a><\/h5>\n\t\t\t\t\t\t\t\t<span class=\"terms\"><a href=\"https:\/\/nasmar.org\/index.php\/portfolio-category\/seguridad-alimentaria\/\" rel=\"tag\">Seguridad Alimentaria<\/a><\/span>\n\t\t\t\t\t\t\t\t<p>Proyecto mejoramiento de la seguridad alimentaria de peque\u00f1os productores de agricultura familiar de las comunidades de la microcuenca Simisir\u00e1n, mediante el establecimiento de sistemas de riego por goteo de baja presi\u00f3n.<\/p>\t\t\t\n\t\t\t\t\t\t\t<\/section> \t\n\n\t\t\t\t\t\t\t<a class=\"portfolio-link\" href=\"https:\/\/nasmar.org\/index.php\/portfolio\/proyecto-6\/\" target=\"_self\"><\/a>\n\n\t\t\t\t\t\t<\/div>\n\n\t\t\t\t\t\t<\/div>\n<\/div> \n<!-- \/ portfolio box-->\n<\/div>\n<div class=\"col col-12 rt-dynamic  portfolio-27 portfolio-29\">\n \n\n<!-- portfolio box-->\n<div class=\"loop style-2 hover-1 image post-5314 portfolio type-portfolio status-publish has-post-thumbnail hentry portfolio_categories-proyectos portfolio_categories-reciclaje\" id=\"portfolio-5314\">\n\n\t<div class=\"portfolio-loop-item-wrapper\">\n\t\t\n\n\t\t\t\t\t\t<figure class=\"image-thumbnail\">\n\t\t\t\t\t\t\t<a href=\"https:\/\/nasmar.org\/index.php\/portfolio\/proyecto-1\/\" target=\"_self\" title=\"Proyecto 1\"><img loading=\"lazy\" decoding=\"async\" src=\"https:\/\/nasmar.org\/wp-content\/uploads\/2018\/03\/CONSULTOR-MANUAL-900x900.png\" alt=\"\" class=\"\" width=\"900\" height=\"900\" \/><\/a>\n\t\t\t\t\t\t<\/figure>\n\n\t\t\t\t\t\t<div class=\"visible-title-wrapper\">\n\t\t\t\t\t\t\t<h5 class=\"title visible-title\">Proyecto 1<\/h5>\n\t\t\t\t\t\t<\/div>\n\n\t\t\t\t\t\t<div class=\"overlay\">\n\n\t\t\t\t\t\t\t<section class=\"text\">\n\t\t\t\t\t\t\t\t<h5 class=\"title\"><a href=\"https:\/\/nasmar.org\/index.php\/portfolio\/proyecto-1\/\" target=\"_self\" rel=\"bookmark\">Proyecto 1<\/a><\/h5>\n\t\t\t\t\t\t\t\t<span class=\"terms\"><a href=\"https:\/\/nasmar.org\/index.php\/portfolio-category\/proyectos\/\" rel=\"tag\">Proyectos<\/a>, <a href=\"https:\/\/nasmar.org\/index.php\/portfolio-category\/reciclaje\/\" rel=\"tag\">Reciclaje<\/a><\/span>\n\t\t\t\t\t\t\t\t<p>Fortalecimiento de las capacidades municipales y de organizaciones de base para la planificaci\u00f3n y gesti\u00f3n p\u00fablica de calidad del componente de agua y saneamiento en los 7 municipios de la Mancomunidad Nasmar, Honduras.<\/p>\t\t\t\n\t\t\t\t\t\t\t<\/section> \t\n\n\t\t\t\t\t\t\t<a class=\"portfolio-link\" href=\"https:\/\/nasmar.org\/index.php\/portfolio\/proyecto-1\/\" target=\"_self\"><\/a>\n\n\t\t\t\t\t\t<\/div>\n\n\t\t\t\t\t\t<\/div>\n<\/div> \n<!-- \/ portfolio box-->\n<\/div>\n<div class=\"col col-12 double-height double-width  rt-dynamic  portfolio-27\">\n \n\n<!-- portfolio box-->\n<div class=\"loop style-2 hover-1 image post-5307 portfolio type-portfolio status-publish has-post-thumbnail hentry portfolio_categories-proyectos\" id=\"portfolio-5307\">\n\n\t<div class=\"portfolio-loop-item-wrapper\">\n\t\t\n\n\t\t\t\t\t\t<figure class=\"image-thumbnail\">\n\t\t\t\t\t\t\t<a href=\"https:\/\/nasmar.org\/index.php\/portfolio\/proyecto-2\/\" target=\"_self\" title=\"Proyecto 2\"><img loading=\"lazy\" decoding=\"async\" src=\"https:\/\/nasmar.org\/wp-content\/uploads\/2018\/03\/CAJA-RURAL-NACAOME-900x900.jpg\" alt=\"\" class=\"\" width=\"900\" height=\"900\" \/><\/a>\n\t\t\t\t\t\t<\/figure>\n\n\t\t\t\t\t\t<div class=\"visible-title-wrapper\">\n\t\t\t\t\t\t\t<h5 class=\"title visible-title\">Proyecto 2<\/h5>\n\t\t\t\t\t\t<\/div>\n\n\t\t\t\t\t\t<div class=\"overlay\">\n\n\t\t\t\t\t\t\t<section class=\"text\">\n\t\t\t\t\t\t\t\t<h5 class=\"title\"><a href=\"https:\/\/nasmar.org\/index.php\/portfolio\/proyecto-2\/\" target=\"_self\" rel=\"bookmark\">Proyecto 2<\/a><\/h5>\n\t\t\t\t\t\t\t\t<span class=\"terms\"><a href=\"https:\/\/nasmar.org\/index.php\/portfolio-category\/proyectos\/\" rel=\"tag\">Proyectos<\/a><\/span>\n\t\t\t\t\t\t\t\t<p>Mejora del acceso equitativo de mujeres y j\u00f3venes a recursos econ\u00f3micos en el Sur de Honduras. Fase 1: proyecto de mejora de capacidades de organizaciones y municipios.<\/p>\t\t\t\n\t\t\t\t\t\t\t<\/section> \t\n\n\t\t\t\t\t\t\t<a class=\"portfolio-link\" href=\"https:\/\/nasmar.org\/index.php\/portfolio\/proyecto-2\/\" target=\"_self\"><\/a>\n\n\t\t\t\t\t\t<\/div>\n\n\t\t\t\t\t\t<\/div>\n<\/div> \n<!-- \/ portfolio box-->\n<\/div>\n<div class=\"col col-12 double-width  rt-dynamic  portfolio-27\">\n \n\n<!-- portfolio box-->\n<div class=\"loop style-2 hover-1 image post-5326 portfolio type-portfolio status-publish has-post-thumbnail hentry portfolio_categories-proyectos\" id=\"portfolio-5326\">\n\n\t<div class=\"portfolio-loop-item-wrapper\">\n\t\t\n\n\t\t\t\t\t\t<figure class=\"image-thumbnail\">\n\t\t\t\t\t\t\t<a href=\"https:\/\/nasmar.org\/index.php\/portfolio\/proyectos-3\/\" target=\"_self\" title=\"Proyectos 3\"><img loading=\"lazy\" decoding=\"async\" src=\"https:\/\/nasmar.org\/wp-content\/uploads\/2018\/03\/JURAMENTACION-CONSEJO-DE-CUENCA-960x420.jpg\" alt=\"\" class=\"\" width=\"960\" height=\"420\" \/><\/a>\n\t\t\t\t\t\t<\/figure>\n\n\t\t\t\t\t\t<div class=\"visible-title-wrapper\">\n\t\t\t\t\t\t\t<h5 class=\"title visible-title\">Proyectos 3<\/h5>\n\t\t\t\t\t\t<\/div>\n\n\t\t\t\t\t\t<div class=\"overlay\">\n\n\t\t\t\t\t\t\t<section class=\"text\">\n\t\t\t\t\t\t\t\t<h5 class=\"title\"><a href=\"https:\/\/nasmar.org\/index.php\/portfolio\/proyectos-3\/\" target=\"_self\" rel=\"bookmark\">Proyectos 3<\/a><\/h5>\n\t\t\t\t\t\t\t\t<span class=\"terms\"><a href=\"https:\/\/nasmar.org\/index.php\/portfolio-category\/proyectos\/\" rel=\"tag\">Proyectos<\/a><\/span>\n\t\t\t\t\t\t\t\t<p>Proyecto Fortalecimiento gradual de la Mancomunidad Nasmar para la gesti\u00f3n integral del recurso h\u00eddrico.<\/p>\t\t\t\n\t\t\t\t\t\t\t<\/section> \t\n\n\t\t\t\t\t\t\t<a class=\"portfolio-link\" href=\"https:\/\/nasmar.org\/index.php\/portfolio\/proyectos-3\/\" target=\"_self\"><\/a>\n\n\t\t\t\t\t\t<\/div>\n\n\t\t\t\t\t\t<\/div>\n<\/div> \n<!-- \/ portfolio box-->\n<\/div>\n<div class=\"col col-12 double-height double-width  rt-dynamic  portfolio-38\">\n \n\n<!-- portfolio box-->\n<div class=\"loop style-2 hover-1 image post-5310 portfolio type-portfolio status-publish has-post-thumbnail hentry portfolio_categories-genero\" id=\"portfolio-5310\">\n\n\t<div class=\"portfolio-loop-item-wrapper\">\n\t\t\n\n\t\t\t\t\t\t<figure class=\"image-thumbnail\">\n\t\t\t\t\t\t\t<a href=\"https:\/\/nasmar.org\/index.php\/portfolio\/proyecto-4\/\" target=\"_self\" title=\"Proyecto 4\"><img loading=\"lazy\" decoding=\"async\" src=\"https:\/\/nasmar.org\/wp-content\/uploads\/2018\/03\/IMG_20200212_090023-scaled-900x900.jpg\" alt=\"\" class=\"\" width=\"900\" height=\"900\" \/><\/a>\n\t\t\t\t\t\t<\/figure>\n\n\t\t\t\t\t\t<div class=\"visible-title-wrapper\">\n\t\t\t\t\t\t\t<h5 class=\"title visible-title\">Proyecto 4<\/h5>\n\t\t\t\t\t\t<\/div>\n\n\t\t\t\t\t\t<div class=\"overlay\">\n\n\t\t\t\t\t\t\t<section class=\"text\">\n\t\t\t\t\t\t\t\t<h5 class=\"title\"><a href=\"https:\/\/nasmar.org\/index.php\/portfolio\/proyecto-4\/\" target=\"_self\" rel=\"bookmark\">Proyecto 4<\/a><\/h5>\n\t\t\t\t\t\t\t\t<span class=\"terms\"><a href=\"https:\/\/nasmar.org\/index.php\/portfolio-category\/genero\/\" rel=\"tag\">Genero<\/a><\/span>\n\t\t\t\t\t\t\t\t<p>Mejora del acceso equitativo de mujeres y j\u00f3venes a recursos econ\u00f3micos del sur de Honduras. Fase 1 Proyecto de mejora de capacidades de Organizaciones y municipios.<\/p>\t\t\t\n\t\t\t\t\t\t\t<\/section> \t\n\n\t\t\t\t\t\t\t<a class=\"portfolio-link\" href=\"https:\/\/nasmar.org\/index.php\/portfolio\/proyecto-4\/\" target=\"_self\"><\/a>\n\n\t\t\t\t\t\t<\/div>\n\n\t\t\t\t\t\t<\/div>\n<\/div> \n<!-- \/ portfolio box-->\n<\/div>\n<div class=\"col col-12 double-width  rt-dynamic  portfolio-39\">\n \n\n<!-- portfolio box-->\n<div class=\"loop style-2 hover-1 image post-5316 portfolio type-portfolio status-publish has-post-thumbnail hentry portfolio_categories-limpieza\" id=\"portfolio-5316\">\n\n\t<div class=\"portfolio-loop-item-wrapper\">\n\t\t\n\n\t\t\t\t\t\t<figure class=\"image-thumbnail\">\n\t\t\t\t\t\t\t<a href=\"https:\/\/nasmar.org\/index.php\/portfolio\/programa-1\/\" target=\"_self\" title=\"Proyecto 5\"><img loading=\"lazy\" decoding=\"async\" src=\"https:\/\/nasmar.org\/wp-content\/uploads\/2018\/02\/0aaaeaf1-3ab4-4800-b8cd-0b9d05a6aacf-1-960x420.jpg\" alt=\"\" class=\"\" width=\"960\" height=\"420\" \/><\/a>\n\t\t\t\t\t\t<\/figure>\n\n\t\t\t\t\t\t<div class=\"visible-title-wrapper\">\n\t\t\t\t\t\t\t<h5 class=\"title visible-title\">Proyecto 5<\/h5>\n\t\t\t\t\t\t<\/div>\n\n\t\t\t\t\t\t<div class=\"overlay\">\n\n\t\t\t\t\t\t\t<section class=\"text\">\n\t\t\t\t\t\t\t\t<h5 class=\"title\"><a href=\"https:\/\/nasmar.org\/index.php\/portfolio\/programa-1\/\" target=\"_self\" rel=\"bookmark\">Proyecto 5<\/a><\/h5>\n\t\t\t\t\t\t\t\t<span class=\"terms\"><a href=\"https:\/\/nasmar.org\/index.php\/portfolio-category\/limpieza\/\" rel=\"tag\">Limpieza<\/a><\/span>\n\t\t\t\t\t\t\t\t<p>Actividades de limpieza<\/p>\t\t\t\n\t\t\t\t\t\t\t<\/section> \t\n\n\t\t\t\t\t\t\t<a class=\"portfolio-link\" href=\"https:\/\/nasmar.org\/index.php\/portfolio\/programa-1\/\" target=\"_self\"><\/a>\n\n\t\t\t\t\t\t<\/div>\n\n\t\t\t\t\t\t<\/div>\n<\/div> \n<!-- \/ portfolio box-->\n<\/div>\n<div class=\"col col-12 rt-dynamic  portfolio-40\">\n \n\n<!-- portfolio box-->\n<div class=\"loop style-2 hover-1 image post-5318 portfolio type-portfolio status-publish has-post-thumbnail hentry portfolio_categories-convenios\" id=\"portfolio-5318\">\n\n\t<div class=\"portfolio-loop-item-wrapper\">\n\t\t\n\n\t\t\t\t\t\t<figure class=\"image-thumbnail\">\n\t\t\t\t\t\t\t<a href=\"https:\/\/nasmar.org\/index.php\/portfolio\/convenios-de-cooperacion\/\" target=\"_self\" title=\"Convenios de cooperaci\u00f3n\"><img loading=\"lazy\" decoding=\"async\" src=\"https:\/\/nasmar.org\/wp-content\/uploads\/2020\/07\/Recurso-8-900x900.png\" alt=\"\" class=\"\" width=\"900\" height=\"900\" \/><\/a>\n\t\t\t\t\t\t<\/figure>\n\n\t\t\t\t\t\t<div class=\"visible-title-wrapper\">\n\t\t\t\t\t\t\t<h5 class=\"title visible-title\">Convenios de cooperaci\u00f3n<\/h5>\n\t\t\t\t\t\t<\/div>\n\n\t\t\t\t\t\t<div class=\"overlay\">\n\n\t\t\t\t\t\t\t<section class=\"text\">\n\t\t\t\t\t\t\t\t<h5 class=\"title\"><a href=\"https:\/\/nasmar.org\/index.php\/portfolio\/convenios-de-cooperacion\/\" target=\"_self\" rel=\"bookmark\">Convenios de cooperaci\u00f3n<\/a><\/h5>\n\t\t\t\t\t\t\t\t<span class=\"terms\"><a href=\"https:\/\/nasmar.org\/index.php\/portfolio-category\/convenios\/\" rel=\"tag\">Convenios<\/a><\/span>\n\t\t\t\t\t\t\t\t<p>Convenios de cooperaci\u00f3n de la Mancomunidad NASMAR<\/p>\t\t\t\n\t\t\t\t\t\t\t<\/section> \t\n\n\t\t\t\t\t\t\t<a class=\"portfolio-link\" href=\"https:\/\/nasmar.org\/index.php\/portfolio\/convenios-de-cooperacion\/\" target=\"_self\"><\/a>\n\n\t\t\t\t\t\t<\/div>\n\n\t\t\t\t\t\t<\/div>\n<\/div> \n<!-- \/ portfolio box-->\n<\/div>\n<\/div>\n\t\t<\/div>\n\t\t\t\t<\/div>\n\t\t\t\t\t\t<\/div>\n\t\t\t\t\t<\/div>\n\t\t<\/div>\n\t\t\t\t\t\t\t\t<\/div>\n\t\t\t\t\t<\/div>\n\t\t<\/section>\n\t\t\t\t\t\t<\/div>\n\t\t\t\t\t\t<\/div>\n\t\t\t\t\t<\/div>\n\t\t","protected":false},"excerpt":{"rendered":"<p>Generando oportunidades de inversi\u00f3n e inclusi\u00f3n social Programas y Proyectos NASMAR La Mancomunidad NASMAR, desde su conformaci\u00f3n como entidad de asistencia t\u00e9cnica a sus municipios socios, ha gestionado y ejecutado diferentes programas y proyectos conjuntamente con organismos especializados, agencias de cooperaci\u00f3n internacional, organizaciones no gubernamentales, gubernamentales, sociedad civil, organizaciones comunitarias, empresa privada, entre otros. Proyecto [&hellip;]<\/p>\n","protected":false},"author":1,"featured_media":0,"parent":0,"menu_order":0,"comment_status":"closed","ping_status":"closed","template":"","meta":{"footnotes":""},"class_list":["post-5477","page","type-page","status-publish","hentry"],"_links":{"self":[{"href":"https:\/\/nasmar.org\/index.php\/wp-json\/wp\/v2\/pages\/5477"}],"collection":[{"href":"https:\/\/nasmar.org\/index.php\/wp-json\/wp\/v2\/pages"}],"about":[{"href":"https:\/\/nasmar.org\/index.php\/wp-json\/wp\/v2\/types\/page"}],"author":[{"embeddable":true,"href":"https:\/\/nasmar.org\/index.php\/wp-json\/wp\/v2\/users\/1"}],"replies":[{"embeddable":true,"href":"https:\/\/nasmar.org\/index.php\/wp-json\/wp\/v2\/comments?post=5477"}],"version-history":[{"count":21,"href":"https:\/\/nasmar.org\/index.php\/wp-json\/wp\/v2\/pages\/5477\/revisions"}],"predecessor-version":[{"id":7939,"href":"https:\/\/nasmar.org\/index.php\/wp-json\/wp\/v2\/pages\/5477\/revisions\/7939"}],"wp:attachment":[{"href":"https:\/\/nasmar.org\/index.php\/wp-json\/wp\/v2\/media?parent=5477"}],"curies":[{"name":"wp","href":"https:\/\/api.w.org\/{rel}","templated":true}]}}