{"id":5464,"date":"2018-03-03T13:13:20","date_gmt":"2018-03-03T13:13:20","guid":{"rendered":"https:\/\/naturalife.rtthemes.com\/demo\/?page_id=5464"},"modified":"2018-03-03T13:13:20","modified_gmt":"2018-03-03T13:13:20","slug":"portfolio-masonry-ii","status":"publish","type":"page","link":"https:\/\/nasmar.org\/index.php\/portfolio-masonry-ii\/","title":{"rendered":"Portfolio &#8211; Masonry II"},"content":{"rendered":"\t\t<div data-elementor-type=\"wp-post\" data-elementor-id=\"5464\" class=\"elementor elementor-5464 elementor-bc-flex-widget\" data-elementor-settings=\"[]\">\n\t\t\t\t\t\t<div class=\"elementor-inner\">\n\t\t\t\t\t\t\t<div class=\"elementor-section-wrap\">\n\t\t\t\t\t\t\t<section class=\"elementor-section elementor-top-section elementor-element elementor-element-c878f94 elementor-section-full_width elementor-section-height-default elementor-section-height-default default-style\" data-id=\"c878f94\" data-element_type=\"section\" data-settings=\"{&quot;background_background&quot;:&quot;classic&quot;,&quot;rt_color_sets&quot;:&quot;default-style&quot;}\">\n\t\t\t\t\t\t<div class=\"elementor-container elementor-column-gap-no\">\n\t\t\t\t\t\t\t<div class=\"elementor-row\">\n\t\t\t\t\t<div class=\"elementor-column elementor-col-100 elementor-top-column elementor-element elementor-element-579a62b\" data-id=\"579a62b\" data-element_type=\"column\">\n\t\t\t<div class=\"elementor-column-wrap elementor-element-populated\">\n\t\t\t\t\t\t\t<div class=\"elementor-widget-wrap\">\n\t\t\t\t\t\t<div class=\"elementor-element elementor-element-e18ce2d elementor-widget elementor-widget-rt-portfolio\" data-id=\"e18ce2d\" data-element_type=\"widget\" data-widget_type=\"rt-portfolio.default\">\n\t\t\t\t<div class=\"elementor-widget-container\">\n\t\t\t\n<div id=\"portfolio-dynamicID-490230\" class=\"row portfolio_list rt-gallery masonry-gallery\" data-column-width=\"4\">\n<div class=\"col col-12 col-sm-3  rt-dynamic  portfolio-50\">\n \n\n<!-- portfolio box-->\n<div class=\"loop style-2 hover-1  post-7988 portfolio type-portfolio status-publish has-post-thumbnail hentry portfolio_categories-seguridad-alimentaria\" id=\"portfolio-7988\">\n\n\t<div class=\"portfolio-loop-item-wrapper\">\n\t\t\n\n\t\t\t\t\t\t<figure class=\"image-thumbnail\">\n\t\t\t\t\t\t\t<a href=\"https:\/\/nasmar.org\/index.php\/portfolio\/proyecto-6\/\" target=\"_self\" title=\"Proyecto 6\"><img loading=\"lazy\" decoding=\"async\" src=\"https:\/\/nasmar.org\/wp-content\/uploads\/2023\/08\/Photo-from-E-695x521.jpg\" alt=\"\" class=\"\" width=\"695\" height=\"521\" \/><\/a>\n\t\t\t\t\t\t<\/figure>\n\n\t\t\t\t\t\t<div class=\"visible-title-wrapper\">\n\t\t\t\t\t\t\t<h2 class=\"title visible-title\">Proyecto 6<\/h2>\n\t\t\t\t\t\t<\/div>\n\n\t\t\t\t\t\t<div class=\"overlay\">\n\n\t\t\t\t\t\t\t<section class=\"text\">\n\t\t\t\t\t\t\t\t<h2 class=\"title\"><a href=\"https:\/\/nasmar.org\/index.php\/portfolio\/proyecto-6\/\" target=\"_self\" rel=\"bookmark\">Proyecto 6<\/a><\/h2>\n\t\t\t\t\t\t\t\t<span class=\"terms\"><a href=\"https:\/\/nasmar.org\/index.php\/portfolio-category\/seguridad-alimentaria\/\" rel=\"tag\">Seguridad Alimentaria<\/a><\/span>\n\t\t\t\t\t\t\t\t<p>Proyecto mejoramiento de la seguridad alimentaria de peque\u00f1os productores de agricultura familiar de las comunidades de la microcuenca Simisir\u00e1n, mediante el establecimiento de sistemas de riego por goteo de baja presi\u00f3n.<\/p>\t\t\t\n\t\t\t\t\t\t\t<\/section> \t\n\n\t\t\t\t\t\t\t<a class=\"portfolio-link\" href=\"https:\/\/nasmar.org\/index.php\/portfolio\/proyecto-6\/\" target=\"_self\"><\/a>\n\n\t\t\t\t\t\t<\/div>\n\n\t\t\t\t\t\t<\/div>\n<\/div> \n<!-- \/ portfolio box-->\n<\/div>\n<div class=\"col col-12 col-sm-6  rt-dynamic  portfolio-27\">\n \n\n<!-- portfolio box-->\n<div class=\"loop style-2 hover-1 image post-5326 portfolio type-portfolio status-publish has-post-thumbnail hentry portfolio_categories-proyectos\" id=\"portfolio-5326\">\n\n\t<div class=\"portfolio-loop-item-wrapper\">\n\t\t\n\n\t\t\t\t\t\t<figure class=\"image-thumbnail\">\n\t\t\t\t\t\t\t<a href=\"https:\/\/nasmar.org\/index.php\/portfolio\/proyectos-3\/\" target=\"_self\" title=\"Proyectos 3\"><img loading=\"lazy\" decoding=\"async\" src=\"https:\/\/nasmar.org\/wp-content\/uploads\/2018\/03\/JURAMENTACION-CONSEJO-DE-CUENCA.jpg\" alt=\"\" class=\"\" width=\"1152\" height=\"864\" \/><\/a>\n\t\t\t\t\t\t<\/figure>\n\n\t\t\t\t\t\t<div class=\"visible-title-wrapper\">\n\t\t\t\t\t\t\t<h2 class=\"title visible-title\">Proyectos 3<\/h2>\n\t\t\t\t\t\t<\/div>\n\n\t\t\t\t\t\t<div class=\"overlay\">\n\n\t\t\t\t\t\t\t<section class=\"text\">\n\t\t\t\t\t\t\t\t<h2 class=\"title\"><a href=\"https:\/\/nasmar.org\/index.php\/portfolio\/proyectos-3\/\" target=\"_self\" rel=\"bookmark\">Proyectos 3<\/a><\/h2>\n\t\t\t\t\t\t\t\t<span class=\"terms\"><a href=\"https:\/\/nasmar.org\/index.php\/portfolio-category\/proyectos\/\" rel=\"tag\">Proyectos<\/a><\/span>\n\t\t\t\t\t\t\t\t<p>Proyecto Fortalecimiento gradual de la Mancomunidad Nasmar para la gesti\u00f3n integral del recurso h\u00eddrico.<\/p>\t\t\t\n\t\t\t\t\t\t\t<\/section> \t\n\n\t\t\t\t\t\t\t<a class=\"portfolio-link\" href=\"https:\/\/nasmar.org\/index.php\/portfolio\/proyectos-3\/\" target=\"_self\"><\/a>\n\n\t\t\t\t\t\t<\/div>\n\n\t\t\t\t\t\t<\/div>\n<\/div> \n<!-- \/ portfolio box-->\n<\/div>\n<div class=\"col col-12 col-sm-3  rt-dynamic  portfolio-40\">\n \n\n<!-- portfolio box-->\n<div class=\"loop style-2 hover-1 image post-5318 portfolio type-portfolio status-publish has-post-thumbnail hentry portfolio_categories-convenios\" id=\"portfolio-5318\">\n\n\t<div class=\"portfolio-loop-item-wrapper\">\n\t\t\n\n\t\t\t\t\t\t<figure class=\"image-thumbnail\">\n\t\t\t\t\t\t\t<a href=\"https:\/\/nasmar.org\/index.php\/portfolio\/convenios-de-cooperacion\/\" target=\"_self\" title=\"Convenios de cooperaci\u00f3n\"><img loading=\"lazy\" decoding=\"async\" src=\"https:\/\/nasmar.org\/wp-content\/uploads\/2020\/07\/Recurso-8-695x679.png\" alt=\"\" class=\"\" width=\"695\" height=\"679\" \/><\/a>\n\t\t\t\t\t\t<\/figure>\n\n\t\t\t\t\t\t<div class=\"visible-title-wrapper\">\n\t\t\t\t\t\t\t<h2 class=\"title visible-title\">Convenios de cooperaci\u00f3n<\/h2>\n\t\t\t\t\t\t<\/div>\n\n\t\t\t\t\t\t<div class=\"overlay\">\n\n\t\t\t\t\t\t\t<section class=\"text\">\n\t\t\t\t\t\t\t\t<h2 class=\"title\"><a href=\"https:\/\/nasmar.org\/index.php\/portfolio\/convenios-de-cooperacion\/\" target=\"_self\" rel=\"bookmark\">Convenios de cooperaci\u00f3n<\/a><\/h2>\n\t\t\t\t\t\t\t\t<span class=\"terms\"><a href=\"https:\/\/nasmar.org\/index.php\/portfolio-category\/convenios\/\" rel=\"tag\">Convenios<\/a><\/span>\n\t\t\t\t\t\t\t\t<p>Convenios de cooperaci\u00f3n de la Mancomunidad NASMAR<\/p>\t\t\t\n\t\t\t\t\t\t\t<\/section> \t\n\n\t\t\t\t\t\t\t<a class=\"portfolio-link\" href=\"https:\/\/nasmar.org\/index.php\/portfolio\/convenios-de-cooperacion\/\" target=\"_self\"><\/a>\n\n\t\t\t\t\t\t<\/div>\n\n\t\t\t\t\t\t<\/div>\n<\/div> \n<!-- \/ portfolio box-->\n<\/div>\n<div class=\"col col-12 col-sm-3  rt-dynamic  portfolio-39\">\n \n\n<!-- portfolio box-->\n<div class=\"loop style-2 hover-1 image post-5316 portfolio type-portfolio status-publish has-post-thumbnail hentry portfolio_categories-limpieza\" id=\"portfolio-5316\">\n\n\t<div class=\"portfolio-loop-item-wrapper\">\n\t\t\n\n\t\t\t\t\t\t<figure class=\"image-thumbnail\">\n\t\t\t\t\t\t\t<a href=\"https:\/\/nasmar.org\/index.php\/portfolio\/programa-1\/\" target=\"_self\" title=\"Proyecto 5\"><img loading=\"lazy\" decoding=\"async\" src=\"https:\/\/nasmar.org\/wp-content\/uploads\/2018\/02\/0aaaeaf1-3ab4-4800-b8cd-0b9d05a6aacf-1-695x521.jpg\" alt=\"\" class=\"\" width=\"695\" height=\"521\" \/><\/a>\n\t\t\t\t\t\t<\/figure>\n\n\t\t\t\t\t\t<div class=\"visible-title-wrapper\">\n\t\t\t\t\t\t\t<h2 class=\"title visible-title\">Proyecto 5<\/h2>\n\t\t\t\t\t\t<\/div>\n\n\t\t\t\t\t\t<div class=\"overlay\">\n\n\t\t\t\t\t\t\t<section class=\"text\">\n\t\t\t\t\t\t\t\t<h2 class=\"title\"><a href=\"https:\/\/nasmar.org\/index.php\/portfolio\/programa-1\/\" target=\"_self\" rel=\"bookmark\">Proyecto 5<\/a><\/h2>\n\t\t\t\t\t\t\t\t<span class=\"terms\"><a href=\"https:\/\/nasmar.org\/index.php\/portfolio-category\/limpieza\/\" rel=\"tag\">Limpieza<\/a><\/span>\n\t\t\t\t\t\t\t\t<p>Actividades de limpieza<\/p>\t\t\t\n\t\t\t\t\t\t\t<\/section> \t\n\n\t\t\t\t\t\t\t<a class=\"portfolio-link\" href=\"https:\/\/nasmar.org\/index.php\/portfolio\/programa-1\/\" target=\"_self\"><\/a>\n\n\t\t\t\t\t\t<\/div>\n\n\t\t\t\t\t\t<\/div>\n<\/div> \n<!-- \/ portfolio box-->\n<\/div>\n<div class=\"col col-12 col-sm-3  rt-dynamic  portfolio-27 portfolio-29\">\n \n\n<!-- portfolio box-->\n<div class=\"loop style-2 hover-1 image post-5314 portfolio type-portfolio status-publish has-post-thumbnail hentry portfolio_categories-proyectos portfolio_categories-reciclaje\" id=\"portfolio-5314\">\n\n\t<div class=\"portfolio-loop-item-wrapper\">\n\t\t\n\n\t\t\t\t\t\t<figure class=\"image-thumbnail\">\n\t\t\t\t\t\t\t<a href=\"https:\/\/nasmar.org\/index.php\/portfolio\/proyecto-1\/\" target=\"_self\" title=\"Proyecto 1\"><img loading=\"lazy\" decoding=\"async\" src=\"https:\/\/nasmar.org\/wp-content\/uploads\/2018\/03\/CONSULTOR-MANUAL-695x521.png\" alt=\"\" class=\"\" width=\"695\" height=\"521\" \/><\/a>\n\t\t\t\t\t\t<\/figure>\n\n\t\t\t\t\t\t<div class=\"visible-title-wrapper\">\n\t\t\t\t\t\t\t<h2 class=\"title visible-title\">Proyecto 1<\/h2>\n\t\t\t\t\t\t<\/div>\n\n\t\t\t\t\t\t<div class=\"overlay\">\n\n\t\t\t\t\t\t\t<section class=\"text\">\n\t\t\t\t\t\t\t\t<h2 class=\"title\"><a href=\"https:\/\/nasmar.org\/index.php\/portfolio\/proyecto-1\/\" target=\"_self\" rel=\"bookmark\">Proyecto 1<\/a><\/h2>\n\t\t\t\t\t\t\t\t<span class=\"terms\"><a href=\"https:\/\/nasmar.org\/index.php\/portfolio-category\/proyectos\/\" rel=\"tag\">Proyectos<\/a>, <a href=\"https:\/\/nasmar.org\/index.php\/portfolio-category\/reciclaje\/\" rel=\"tag\">Reciclaje<\/a><\/span>\n\t\t\t\t\t\t\t\t<p>Fortalecimiento de las capacidades municipales y de organizaciones de base para la planificaci\u00f3n y gesti\u00f3n p\u00fablica de calidad del componente de agua y saneamiento en los 7 municipios de la Mancomunidad Nasmar, Honduras.<\/p>\t\t\t\n\t\t\t\t\t\t\t<\/section> \t\n\n\t\t\t\t\t\t\t<a class=\"portfolio-link\" href=\"https:\/\/nasmar.org\/index.php\/portfolio\/proyecto-1\/\" target=\"_self\"><\/a>\n\n\t\t\t\t\t\t<\/div>\n\n\t\t\t\t\t\t<\/div>\n<\/div> \n<!-- \/ portfolio box-->\n<\/div>\n<\/div>\n<button href=\"#\" class=\"load_more button_ small style-1 aligncenter\" autocomplete=\"off\" data-atts=\"id%2Aportfolio-dynamicID-490230%7Cclass%2A%7Clist_layout%2A1%2F4%7Cmetro_layout%2A1%7Clayout_style%2Amasonry%7Citem_style%2Astyle-2%7Chover_style%2Ahover-1%7Cfilterable%2Afalse%7Cpagination%2Atrue%7Cajax_pagination%2Atrue%7Cfeatured_image_resize%2Atrue%7Cfeatured_image_max_width%2A%7Cfeatured_image_max_height%2A%7Cfeatured_image_crop%2A%7Cmetro_resize%2Atrue%7Clist_orderby%2AID%7Clist_order%2ADESC%7Citem_per_page%2A5%7Ccategories%2A%7Cajax%2Afalse%7Cids%2A%7Cpaged%2A0%7Cwpml_lang%2A%7Cnogaps%2A%7Cbox_style%2A%7Cdisplay_categories%2Atrue%7Cdisplay_excerpts%2Atrue%7Cheading_size%2Ah2%7Cpurpose%2Aportfolio\" data-page_count=\"2\" data-current_page=\"1\" data-listid=\"portfolio-dynamicID-490230\"><span><span class=\"button-icon ui-icon-angle-down\"><\/span><span>LOAD MORE<\/span><\/span><\/button>\t\t<\/div>\n\t\t\t\t<\/div>\n\t\t\t\t\t\t<\/div>\n\t\t\t\t\t<\/div>\n\t\t<\/div>\n\t\t\t\t\t\t\t\t<\/div>\n\t\t\t\t\t<\/div>\n\t\t<\/section>\n\t\t\t\t\t\t<\/div>\n\t\t\t\t\t\t<\/div>\n\t\t\t\t\t<\/div>\n\t\t","protected":false},"excerpt":{"rendered":"<p>Algea Bath Salts Algea Bath Salts Bath Products Donec porta tortor eget eros finibus, finibus hendrerit elit venenatis neque a sollicitudin. Natural Bath Salts Natural Bath Salts Bath Products, Organic Soaps Sed risus tellus, malesuada et accumsan vitae, aliquet eget nisl. Duis semper quis neque a sollicitudin. Refreshing Bath Sets Refreshing Bath Sets Bath Products, [&hellip;]<\/p>\n","protected":false},"author":1,"featured_media":0,"parent":0,"menu_order":0,"comment_status":"closed","ping_status":"closed","template":"","meta":{"footnotes":""},"class_list":["post-5464","page","type-page","status-publish","hentry"],"_links":{"self":[{"href":"https:\/\/nasmar.org\/index.php\/wp-json\/wp\/v2\/pages\/5464"}],"collection":[{"href":"https:\/\/nasmar.org\/index.php\/wp-json\/wp\/v2\/pages"}],"about":[{"href":"https:\/\/nasmar.org\/index.php\/wp-json\/wp\/v2\/types\/page"}],"author":[{"embeddable":true,"href":"https:\/\/nasmar.org\/index.php\/wp-json\/wp\/v2\/users\/1"}],"replies":[{"embeddable":true,"href":"https:\/\/nasmar.org\/index.php\/wp-json\/wp\/v2\/comments?post=5464"}],"version-history":[{"count":0,"href":"https:\/\/nasmar.org\/index.php\/wp-json\/wp\/v2\/pages\/5464\/revisions"}],"wp:attachment":[{"href":"https:\/\/nasmar.org\/index.php\/wp-json\/wp\/v2\/media?parent=5464"}],"curies":[{"name":"wp","href":"https:\/\/api.w.org\/{rel}","templated":true}]}}