{"id":5101,"date":"2018-02-26T16:44:17","date_gmt":"2018-02-26T16:44:17","guid":{"rendered":"https:\/\/naturalife.rtthemes.com\/demo\/?page_id=5101"},"modified":"2020-07-06T01:49:58","modified_gmt":"2020-07-06T01:49:58","slug":"asistencia-tecnica-municipal","status":"publish","type":"page","link":"https:\/\/nasmar.org\/index.php\/asistencia-tecnica-municipal\/","title":{"rendered":"Asistencia t\u00e9cnica municipal"},"content":{"rendered":"\t\t<div data-elementor-type=\"wp-page\" data-elementor-id=\"5101\" class=\"elementor elementor-5101\" data-elementor-settings=\"[]\">\n\t\t\t\t\t\t<div class=\"elementor-inner\">\n\t\t\t\t\t\t\t<div class=\"elementor-section-wrap\">\n\t\t\t\t\t\t\t<section class=\"elementor-section elementor-top-section elementor-element elementor-element-67230e49 elementor-section-content-middle elementor-section-boxed elementor-section-height-default elementor-section-height-default default-style\" data-id=\"67230e49\" data-element_type=\"section\" data-settings=\"{&quot;rt_color_sets&quot;:&quot;default-style&quot;}\">\n\t\t\t\t\t\t<div class=\"elementor-container elementor-column-gap-default\">\n\t\t\t\t\t\t\t<div class=\"elementor-row\">\n\t\t\t\t\t<div class=\"elementor-column elementor-col-50 elementor-top-column elementor-element elementor-element-1d011121\" data-id=\"1d011121\" data-element_type=\"column\">\n\t\t\t<div class=\"elementor-column-wrap elementor-element-populated\">\n\t\t\t\t\t\t\t<div class=\"elementor-widget-wrap\">\n\t\t\t\t\t\t<div class=\"elementor-element elementor-element-1fa57703 elementor-widget elementor-widget-image\" data-id=\"1fa57703\" data-element_type=\"widget\" data-widget_type=\"image.default\">\n\t\t\t\t<div class=\"elementor-widget-container\">\n\t\t\t\t\t\t\t\t<div class=\"elementor-image\">\n\t\t\t\t\t\t\t\t\t\t\t\t<img decoding=\"async\" src=\"https:\/\/nasmar.org\/wp-content\/uploads\/elementor\/thumbs\/IMG_1234-scaled-os1o4qvp3n5cm480m8h901ejnc6ks0q46c9z8zvi0w.jpg\" title=\"IMG_1234\" alt=\"IMG_1234\" \/>\t\t\t\t\t\t\t\t\t\t\t\t\t\t<\/div>\n\t\t\t\t\t\t<\/div>\n\t\t\t\t<\/div>\n\t\t\t\t\t\t<\/div>\n\t\t\t\t\t<\/div>\n\t\t<\/div>\n\t\t\t\t<div class=\"elementor-column elementor-col-50 elementor-top-column elementor-element elementor-element-49bfcf57\" data-id=\"49bfcf57\" data-element_type=\"column\">\n\t\t\t<div class=\"elementor-column-wrap elementor-element-populated\">\n\t\t\t\t\t\t\t<div class=\"elementor-widget-wrap\">\n\t\t\t\t\t\t<div class=\"elementor-element elementor-element-5f309566 elementor-widget elementor-widget-rt-heading\" data-id=\"5f309566\" data-element_type=\"widget\" data-widget_type=\"rt-heading.default\">\n\t\t\t\t<div class=\"elementor-widget-container\">\n\t\t\t<div class=\"rt-heading-wrapper\">\n\t\t\t\t\t\t<H2 class=\"   rt-heading\" >FORTALECIMIENTO ADMINISTRATIVO A MUNICIPIOS<\/H2>\n\t\t\t\t\t<\/div>\t\t<\/div>\n\t\t\t\t<\/div>\n\t\t\t\t<div class=\"elementor-element elementor-element-18a3f551 elementor-widget elementor-widget-text-editor\" data-id=\"18a3f551\" data-element_type=\"widget\" data-widget_type=\"text-editor.default\">\n\t\t\t\t<div class=\"elementor-widget-container\">\n\t\t\t\t\t\t\t\t<div class=\"elementor-text-editor elementor-clearfix\">\n\t\t\t\t<p>En el marco del desempe\u00f1o de la mancomunidad se ha apoyado a los municipios en los siguientes aspectos:<\/p><ul><li>Procesos de Precalificaci\u00f3n de banco de contratistas de 6 municipios y la Mancomunidad<\/li><li>Proceso de Licitaci\u00f3n Privada de proyecto: Construcci\u00f3n de Sistema de Disposici\u00f3n de Aguas Negras para el Centro Penal del Municipio de Nacaome<\/li><li>Proceso licitaci\u00f3n P\u00fablica proyecto: Construcci\u00f3n obra toma de Nacaome<\/li><li>Proceso licitaci\u00f3n P\u00fablica proyecto: Mejora de la Obra de Captaci\u00f3n de Agua en el Tular, Acueducto de San Lorenzo<\/li><\/ul>\t\t\t\t\t<\/div>\n\t\t\t\t\t\t<\/div>\n\t\t\t\t<\/div>\n\t\t\t\t<div class=\"elementor-element elementor-element-5c67ada elementor-widget-divider--view-line elementor-widget elementor-widget-divider\" data-id=\"5c67ada\" data-element_type=\"widget\" data-widget_type=\"divider.default\">\n\t\t\t\t<div class=\"elementor-widget-container\">\n\t\t\t\t\t<div class=\"elementor-divider\">\n\t\t\t<span class=\"elementor-divider-separator\">\n\t\t\t\t\t\t<\/span>\n\t\t<\/div>\n\t\t\t\t<\/div>\n\t\t\t\t<\/div>\n\t\t\t\t\t\t<\/div>\n\t\t\t\t\t<\/div>\n\t\t<\/div>\n\t\t\t\t\t\t\t\t<\/div>\n\t\t\t\t\t<\/div>\n\t\t<\/section>\n\t\t\t\t<section class=\"elementor-section elementor-top-section elementor-element elementor-element-afbf216 elementor-section-boxed elementor-section-height-default elementor-section-height-default default-style\" data-id=\"afbf216\" data-element_type=\"section\" data-settings=\"{&quot;rt_color_sets&quot;:&quot;default-style&quot;}\">\n\t\t\t\t\t\t<div class=\"elementor-container elementor-column-gap-default\">\n\t\t\t\t\t\t\t<div class=\"elementor-row\">\n\t\t\t\t\t<div class=\"elementor-column elementor-col-100 elementor-top-column elementor-element elementor-element-5df127d\" data-id=\"5df127d\" data-element_type=\"column\">\n\t\t\t<div class=\"elementor-column-wrap elementor-element-populated\">\n\t\t\t\t\t\t\t<div class=\"elementor-widget-wrap\">\n\t\t\t\t\t\t<div class=\"elementor-element elementor-element-b7cde28 elementor-widget elementor-widget-image-gallery\" data-id=\"b7cde28\" data-element_type=\"widget\" data-widget_type=\"image-gallery.default\">\n\t\t\t\t<div class=\"elementor-widget-container\">\n\t\t\t\t\t<div class=\"elementor-image-gallery\">\n\t\t\t\n\t\t<style type=\"text\/css\">\n\t\t\t#gallery-1 {\n\t\t\t\tmargin: auto;\n\t\t\t}\n\t\t\t#gallery-1 .gallery-item {\n\t\t\t\tfloat: left;\n\t\t\t\tmargin-top: 10px;\n\t\t\t\ttext-align: center;\n\t\t\t\twidth: 33%;\n\t\t\t}\n\t\t\t#gallery-1 img {\n\t\t\t\tborder: 2px solid #cfcfcf;\n\t\t\t}\n\t\t\t#gallery-1 .gallery-caption {\n\t\t\t\tmargin-left: 0;\n\t\t\t}\n\t\t\t\/* see gallery_shortcode() in wp-includes\/media.php *\/\n\t\t<\/style>\n\t\t<div id='gallery-1' class='gallery galleryid-5101 gallery-columns-3 gallery-size-large'><dl class='gallery-item'>\n\t\t\t<dt class='gallery-icon landscape'>\n\t\t\t\t<a data-elementor-open-lightbox=\"yes\" data-elementor-lightbox-slideshow=\"b7cde28\" data-elementor-lightbox-title=\"IMG_1222\" e-action-hash=\"#elementor-action%3Aaction%3Dlightbox%26settings%3DeyJpZCI6Njk5MywidXJsIjoiaHR0cHM6XC9cL25hc21hci5vcmdcL3dwLWNvbnRlbnRcL3VwbG9hZHNcLzIwMjBcLzA3XC9JTUdfMTIyMi1zY2FsZWQuanBnIiwic2xpZGVzaG93IjoiYjdjZGUyOCJ9\" href='https:\/\/nasmar.org\/wp-content\/uploads\/2020\/07\/IMG_1222-scaled.jpg'><img loading=\"lazy\" decoding=\"async\" width=\"1024\" height=\"1024\" src=\"https:\/\/nasmar.org\/wp-content\/uploads\/2020\/07\/IMG_1222-1024x1024.jpg\" class=\"attachment-large size-large\" alt=\"\" srcset=\"https:\/\/nasmar.org\/wp-content\/uploads\/2020\/07\/IMG_1222-1024x1024.jpg 1024w, https:\/\/nasmar.org\/wp-content\/uploads\/2020\/07\/IMG_1222-300x300.jpg 300w, https:\/\/nasmar.org\/wp-content\/uploads\/2020\/07\/IMG_1222-150x150.jpg 150w, https:\/\/nasmar.org\/wp-content\/uploads\/2020\/07\/IMG_1222-768x768.jpg 768w\" sizes=\"(max-width: 1024px) 100vw, 1024px\" \/><\/a>\n\t\t\t<\/dt><\/dl><dl class='gallery-item'>\n\t\t\t<dt class='gallery-icon landscape'>\n\t\t\t\t<a data-elementor-open-lightbox=\"yes\" data-elementor-lightbox-slideshow=\"b7cde28\" data-elementor-lightbox-title=\"IMG_1200\" e-action-hash=\"#elementor-action%3Aaction%3Dlightbox%26settings%3DeyJpZCI6Njk5MiwidXJsIjoiaHR0cHM6XC9cL25hc21hci5vcmdcL3dwLWNvbnRlbnRcL3VwbG9hZHNcLzIwMjBcLzA3XC9JTUdfMTIwMC1zY2FsZWQuanBnIiwic2xpZGVzaG93IjoiYjdjZGUyOCJ9\" href='https:\/\/nasmar.org\/wp-content\/uploads\/2020\/07\/IMG_1200-scaled.jpg'><img loading=\"lazy\" decoding=\"async\" width=\"1024\" height=\"1024\" src=\"https:\/\/nasmar.org\/wp-content\/uploads\/2020\/07\/IMG_1200-1024x1024.jpg\" class=\"attachment-large size-large\" alt=\"\" srcset=\"https:\/\/nasmar.org\/wp-content\/uploads\/2020\/07\/IMG_1200-1024x1024.jpg 1024w, https:\/\/nasmar.org\/wp-content\/uploads\/2020\/07\/IMG_1200-300x300.jpg 300w, https:\/\/nasmar.org\/wp-content\/uploads\/2020\/07\/IMG_1200-150x150.jpg 150w, https:\/\/nasmar.org\/wp-content\/uploads\/2020\/07\/IMG_1200-768x768.jpg 768w\" sizes=\"(max-width: 1024px) 100vw, 1024px\" \/><\/a>\n\t\t\t<\/dt><\/dl><dl class='gallery-item'>\n\t\t\t<dt class='gallery-icon landscape'>\n\t\t\t\t<a data-elementor-open-lightbox=\"yes\" data-elementor-lightbox-slideshow=\"b7cde28\" data-elementor-lightbox-title=\"IMG_1328\" e-action-hash=\"#elementor-action%3Aaction%3Dlightbox%26settings%3DeyJpZCI6Njk5NiwidXJsIjoiaHR0cHM6XC9cL25hc21hci5vcmdcL3dwLWNvbnRlbnRcL3VwbG9hZHNcLzIwMjBcLzA3XC9JTUdfMTMyOC1zY2FsZWQuanBnIiwic2xpZGVzaG93IjoiYjdjZGUyOCJ9\" href='https:\/\/nasmar.org\/wp-content\/uploads\/2020\/07\/IMG_1328-scaled.jpg'><img loading=\"lazy\" decoding=\"async\" width=\"1024\" height=\"1024\" src=\"https:\/\/nasmar.org\/wp-content\/uploads\/2020\/07\/IMG_1328-1024x1024.jpg\" class=\"attachment-large size-large\" alt=\"\" srcset=\"https:\/\/nasmar.org\/wp-content\/uploads\/2020\/07\/IMG_1328-1024x1024.jpg 1024w, https:\/\/nasmar.org\/wp-content\/uploads\/2020\/07\/IMG_1328-300x300.jpg 300w, https:\/\/nasmar.org\/wp-content\/uploads\/2020\/07\/IMG_1328-150x150.jpg 150w, https:\/\/nasmar.org\/wp-content\/uploads\/2020\/07\/IMG_1328-768x768.jpg 768w\" sizes=\"(max-width: 1024px) 100vw, 1024px\" \/><\/a>\n\t\t\t<\/dt><\/dl><br style=\"clear: both\" \/>\n\t\t<\/div>\n\t\t<\/div>\n\t\t\t\t<\/div>\n\t\t\t\t<\/div>\n\t\t\t\t\t\t<\/div>\n\t\t\t\t\t<\/div>\n\t\t<\/div>\n\t\t\t\t\t\t\t\t<\/div>\n\t\t\t\t\t<\/div>\n\t\t<\/section>\n\t\t\t\t<section class=\"elementor-section elementor-top-section elementor-element elementor-element-f4fcef5 elementor-section-boxed elementor-section-height-default elementor-section-height-default default-style\" data-id=\"f4fcef5\" data-element_type=\"section\" data-settings=\"{&quot;rt_color_sets&quot;:&quot;default-style&quot;}\">\n\t\t\t\t\t\t<div class=\"elementor-container elementor-column-gap-default\">\n\t\t\t\t\t\t\t<div class=\"elementor-row\">\n\t\t\t\t\t<div class=\"elementor-column elementor-col-100 elementor-top-column elementor-element elementor-element-c1a7d95\" data-id=\"c1a7d95\" data-element_type=\"column\">\n\t\t\t<div class=\"elementor-column-wrap elementor-element-populated\">\n\t\t\t\t\t\t\t<div class=\"elementor-widget-wrap\">\n\t\t\t\t\t\t<div class=\"elementor-element elementor-element-20fd5a2 elementor-widget elementor-widget-spacer\" data-id=\"20fd5a2\" data-element_type=\"widget\" data-widget_type=\"spacer.default\">\n\t\t\t\t<div class=\"elementor-widget-container\">\n\t\t\t\t\t<div class=\"elementor-spacer\">\n\t\t\t<div class=\"elementor-spacer-inner\"><\/div>\n\t\t<\/div>\n\t\t\t\t<\/div>\n\t\t\t\t<\/div>\n\t\t\t\t\t\t<\/div>\n\t\t\t\t\t<\/div>\n\t\t<\/div>\n\t\t\t\t\t\t\t\t<\/div>\n\t\t\t\t\t<\/div>\n\t\t<\/section>\n\t\t\t\t\t\t<\/div>\n\t\t\t\t\t\t<\/div>\n\t\t\t\t\t<\/div>\n\t\t","protected":false},"excerpt":{"rendered":"<p>FORTALECIMIENTO ADMINISTRATIVO A MUNICIPIOS En el marco del desempe\u00f1o de la mancomunidad se ha apoyado a los municipios en los siguientes aspectos: Procesos de Precalificaci\u00f3n de banco de contratistas de 6 municipios y la Mancomunidad Proceso de Licitaci\u00f3n Privada de proyecto: Construcci\u00f3n de Sistema de Disposici\u00f3n de Aguas Negras para el Centro Penal del Municipio [&hellip;]<\/p>\n","protected":false},"author":1,"featured_media":0,"parent":0,"menu_order":0,"comment_status":"closed","ping_status":"closed","template":"","meta":{"footnotes":""},"class_list":["post-5101","page","type-page","status-publish","hentry"],"_links":{"self":[{"href":"https:\/\/nasmar.org\/index.php\/wp-json\/wp\/v2\/pages\/5101"}],"collection":[{"href":"https:\/\/nasmar.org\/index.php\/wp-json\/wp\/v2\/pages"}],"about":[{"href":"https:\/\/nasmar.org\/index.php\/wp-json\/wp\/v2\/types\/page"}],"author":[{"embeddable":true,"href":"https:\/\/nasmar.org\/index.php\/wp-json\/wp\/v2\/users\/1"}],"replies":[{"embeddable":true,"href":"https:\/\/nasmar.org\/index.php\/wp-json\/wp\/v2\/comments?post=5101"}],"version-history":[{"count":7,"href":"https:\/\/nasmar.org\/index.php\/wp-json\/wp\/v2\/pages\/5101\/revisions"}],"predecessor-version":[{"id":7014,"href":"https:\/\/nasmar.org\/index.php\/wp-json\/wp\/v2\/pages\/5101\/revisions\/7014"}],"wp:attachment":[{"href":"https:\/\/nasmar.org\/index.php\/wp-json\/wp\/v2\/media?parent=5101"}],"curies":[{"name":"wp","href":"https:\/\/api.w.org\/{rel}","templated":true}]}}